{"id":77,"date":"2025-10-11T22:34:27","date_gmt":"2025-10-11T20:34:27","guid":{"rendered":"https:\/\/luzvicboutique.com\/?post_type=product&#038;p=77"},"modified":"2025-10-22T18:20:55","modified_gmt":"2025-10-22T16:20:55","slug":"moschino-toy-boy-perfume-unisex","status":"publish","type":"product","link":"https:\/\/luzvicboutique.com\/?product=moschino-toy-boy-perfume-unisex","title":{"rendered":"Moschino Toy Boy \u2013 Perfume Unisex &#8211; Floral Amaderado"},"content":{"rendered":"<h3 data-start=\"953\" data-end=\"973\">\ud83d\udca0 Inspiraci\u00f3n<\/h3>\n<p data-start=\"974\" data-end=\"1238\">Toy Boy reinterpreta la masculinidad contempor\u00e1nea con un matiz de iron\u00eda y pasi\u00f3n. Es la expresi\u00f3n definitiva del hombre libre, sensible y magn\u00e9tico. Una fragancia de lujo dise\u00f1ada para quienes desean sentirse \u00fanicos, llenos de energ\u00eda y con car\u00e1cter inolvidable.<\/p>\n<h3 data-start=\"1240\" data-end=\"1264\">\ud83c\udf38 Notas olfativas<\/h3>\n<div class=\"_tableContainer_1rjym_1\">\n<div class=\"group _tableWrapper_1rjym_13 flex w-fit flex-col-reverse\" tabindex=\"-1\">\n<table class=\"w-fit min-w-(--thread-content-width)\" data-start=\"1266\" data-end=\"1624\">\n<thead data-start=\"1266\" data-end=\"1297\">\n<tr data-start=\"1266\" data-end=\"1297\">\n<th data-start=\"1266\" data-end=\"1281\" data-col-size=\"sm\">Tipo de nota<\/th>\n<th data-start=\"1281\" data-end=\"1297\" data-col-size=\"md\">Ingredientes<\/th>\n<\/tr>\n<\/thead>\n<tbody data-start=\"1331\" data-end=\"1624\">\n<tr data-start=\"1331\" data-end=\"1432\">\n<td data-start=\"1331\" data-end=\"1344\" data-col-size=\"sm\"><strong data-start=\"1333\" data-end=\"1343\">Salida<\/strong><\/td>\n<td data-start=\"1344\" data-end=\"1432\" data-col-size=\"md\">Bergamota italiana, pera jugosa, elem\u00ed vibrante, nuez moscada intensa, pimienta rosa<\/td>\n<\/tr>\n<tr data-start=\"1433\" data-end=\"1513\">\n<td data-start=\"1433\" data-end=\"1447\" data-col-size=\"sm\"><strong data-start=\"1435\" data-end=\"1446\">Coraz\u00f3n<\/strong><\/td>\n<td data-start=\"1447\" data-end=\"1513\" data-col-size=\"md\">Rosa elegante, magnolia delicada, clavo intrigante, lino suave<\/td>\n<\/tr>\n<tr data-start=\"1514\" data-end=\"1624\">\n<td data-start=\"1514\" data-end=\"1526\" data-col-size=\"sm\"><strong data-start=\"1516\" data-end=\"1525\">Fondo<\/strong><\/td>\n<td data-start=\"1526\" data-end=\"1624\" data-col-size=\"md\">Vetiver de Hait\u00ed sofisticado, cachemira c\u00e1lida, \u00e1mbar envolvente, s\u00e1ndalo noble, almizcle puro<\/td>\n<\/tr>\n<\/tbody>\n<\/table>\n<\/div>\n<\/div>\n<hr data-start=\"1626\" data-end=\"1629\" \/>\n<h3 data-start=\"1631\" data-end=\"1648\">\u2728 Sensaci\u00f3n<\/h3>\n<p data-start=\"1649\" data-end=\"1900\">Una experiencia sensorial transformadora: Toy Boy evoluciona en tu piel revelando un car\u00e1cter c\u00e1lido y magn\u00e9tico, fusionando lo floral con lo amaderado, dejando un rastro cautivador. Esta fragancia se siente genuina, audaz y profundamente sofisticada.<\/p>\n<hr data-start=\"1902\" data-end=\"1905\" \/>\n<h3 data-start=\"1907\" data-end=\"1937\">P\u00fablico ideal<\/h3>\n<p data-start=\"1938\" data-end=\"2115\">Fragancia <strong data-start=\"1948\" data-end=\"1958\">unisex<\/strong> pensada para esp\u00edritus audaces, creativos y con presencia. Perfecta para quienes buscan un aroma que refleje su autenticidad, confianza y estilo distintivo.<\/p>\n<hr data-start=\"2117\" data-end=\"2120\" \/>\n<h3 data-start=\"2122\" data-end=\"2143\">Presentaci\u00f3n<\/h3>\n<p data-start=\"2144\" data-end=\"2311\">Botella ic\u00f3nica con forma de oso negro lacado, s\u00edmbolo atrevido y original de Moschino. Presentaci\u00f3n de <strong data-start=\"2248\" data-end=\"2258\">100 ml<\/strong>, perfecta para coleccionistas y amantes del detalle.<\/p>\n<hr data-start=\"2313\" data-end=\"2316\" \/>\n<h3 data-start=\"2318\" data-end=\"2352\">Duraci\u00f3n y concentraci\u00f3n<\/h3>\n<p data-start=\"2353\" data-end=\"2497\"><strong data-start=\"2353\" data-end=\"2376\">Eau de Parfum (EDP)<\/strong> \u2014 Alta duraci\u00f3n: entre <strong data-start=\"2400\" data-end=\"2416\">8 y 10 horas<\/strong> garantizadas, para que tu aroma permanezca poderoso durante todo el d\u00eda o noche.<\/p>\n","protected":false},"excerpt":{"rendered":"<p>una fragancia irresistible, audaz y sofisticada que envuelve tus sentidos con elegancia moderna. Moschino Toy Boy es un perfume unisex de aroma floral amaderado, ideal para quienes buscan destacar con un estilo aut\u00e9ntico, poderoso y memorable. Disponible en <strong>LuzVic Boutique.<\/strong><\/p>\n","protected":false},"featured_media":76,"comment_status":"open","ping_status":"closed","template":"","meta":{"site-sidebar-layout":"default","site-content-layout":"","ast-site-content-layout":"default","site-content-style":"default","site-sidebar-style":"default","ast-global-header-display":"","ast-banner-title-visibility":"","ast-main-header-display":"","ast-hfb-above-header-display":"","ast-hfb-below-header-display":"","ast-hfb-mobile-header-display":"","site-post-title":"","ast-breadcrumbs-content":"","ast-featured-img":"","footer-sml-layout":"","ast-disable-related-posts":"","theme-transparent-header-meta":"default","adv-header-id-meta":"","stick-header-meta":"","header-above-stick-meta":"","header-main-stick-meta":"","header-below-stick-meta":"","astra-migrate-meta-layouts":"set","ast-page-background-enabled":"default","ast-page-background-meta":{"desktop":{"background-color":"var(--ast-global-color-5)","background-image":"","background-repeat":"repeat","background-position":"center center","background-size":"auto","background-attachment":"scroll","background-type":"","background-media":"","overlay-type":"","overlay-color":"","overlay-opacity":"","overlay-gradient":""},"tablet":{"background-color":"","background-image":"","background-repeat":"repeat","background-position":"center center","background-size":"auto","background-attachment":"scroll","background-type":"","background-media":"","overlay-type":"","overlay-color":"","overlay-opacity":"","overlay-gradient":""},"mobile":{"background-color":"","background-image":"","background-repeat":"repeat","background-position":"center center","background-size":"auto","background-attachment":"scroll","background-type":"","background-media":"","overlay-type":"","overlay-color":"","overlay-opacity":"","overlay-gradient":""}},"ast-content-background-meta":{"desktop":{"background-color":"var(--ast-global-color-4)","background-image":"","background-repeat":"repeat","background-position":"center center","background-size":"auto","background-attachment":"scroll","background-type":"","background-media":"","overlay-type":"","overlay-color":"","overlay-opacity":"","overlay-gradient":""},"tablet":{"background-color":"var(--ast-global-color-4)","background-image":"","background-repeat":"repeat","background-position":"center center","background-size":"auto","background-attachment":"scroll","background-type":"","background-media":"","overlay-type":"","overlay-color":"","overlay-opacity":"","overlay-gradient":""},"mobile":{"background-color":"var(--ast-global-color-4)","background-image":"","background-repeat":"repeat","background-position":"center center","background-size":"auto","background-attachment":"scroll","background-type":"","background-media":"","overlay-type":"","overlay-color":"","overlay-opacity":"","overlay-gradient":""}}},"product_brand":[57],"product_cat":[18,33,32,31],"product_tag":[24,20,25,28,22,27,26,21,23,19,29],"class_list":{"0":"post-77","1":"product","2":"type-product","3":"status-publish","4":"has-post-thumbnail","6":"product_brand-moschino","7":"product_cat-perfumes","8":"product_cat-perfumes-hombre","9":"product_cat-perfumes-mujer","10":"product_cat-perfumes-unisex","11":"product_tag-aroma-sofisticado","12":"product_tag-fragancia-elegante","13":"product_tag-fragancia-exclusiva","14":"product_tag-fragancia-premium","15":"product_tag-luzvic-boutique","16":"product_tag-perfume-audaz","17":"product_tag-perfume-cautivador","18":"product_tag-perfume-floral-amaderado","19":"product_tag-perfume-moschino","20":"product_tag-perfume-unisex","21":"product_tag-regalo-de-lujo","22":"desktop-align-left","23":"tablet-align-left","24":"mobile-align-left","26":"first","27":"instock","28":"taxable","29":"shipping-taxable","30":"purchasable","31":"product-type-simple"},"_links":{"self":[{"href":"https:\/\/luzvicboutique.com\/index.php?rest_route=\/wp\/v2\/product\/77","targetHints":{"allow":["GET"]}}],"collection":[{"href":"https:\/\/luzvicboutique.com\/index.php?rest_route=\/wp\/v2\/product"}],"about":[{"href":"https:\/\/luzvicboutique.com\/index.php?rest_route=\/wp\/v2\/types\/product"}],"replies":[{"embeddable":true,"href":"https:\/\/luzvicboutique.com\/index.php?rest_route=%2Fwp%2Fv2%2Fcomments&post=77"}],"wp:featuredmedia":[{"embeddable":true,"href":"https:\/\/luzvicboutique.com\/index.php?rest_route=\/wp\/v2\/media\/76"}],"wp:attachment":[{"href":"https:\/\/luzvicboutique.com\/index.php?rest_route=%2Fwp%2Fv2%2Fmedia&parent=77"}],"wp:term":[{"taxonomy":"product_brand","embeddable":true,"href":"https:\/\/luzvicboutique.com\/index.php?rest_route=%2Fwp%2Fv2%2Fproduct_brand&post=77"},{"taxonomy":"product_cat","embeddable":true,"href":"https:\/\/luzvicboutique.com\/index.php?rest_route=%2Fwp%2Fv2%2Fproduct_cat&post=77"},{"taxonomy":"product_tag","embeddable":true,"href":"https:\/\/luzvicboutique.com\/index.php?rest_route=%2Fwp%2Fv2%2Fproduct_tag&post=77"}],"curies":[{"name":"wp","href":"https:\/\/api.w.org\/{rel}","templated":true}]}}