{"id":274,"date":"2025-10-22T18:21:23","date_gmt":"2025-10-22T16:21:23","guid":{"rendered":"https:\/\/luzvicboutique.com\/?post_type=product&#038;p=274"},"modified":"2025-10-24T03:09:26","modified_gmt":"2025-10-24T01:09:26","slug":"rabanne-1-million-perfume-masculino-amaderado-especiado","status":"publish","type":"product","link":"https:\/\/luzvicboutique.com\/?product=rabanne-1-million-perfume-masculino-amaderado-especiado","title":{"rendered":"Rabanne 1 Million \u2013 Perfume Masculino Amaderado Especiado"},"content":{"rendered":"<h3 data-start=\"824\" data-end=\"844\">\ud83d\udca0 Inspiraci\u00f3n<\/h3>\n<p data-start=\"845\" data-end=\"1125\">Inspirado en la riqueza, el poder y el brillo del oro, 1 Million representa una actitud de triunfo, lujo y confianza. Su ic\u00f3nica botella en forma de barra de oro simboliza el deseo de destacar, ser visto y oler tan impresionante como se ve.<\/p>\n<h3 data-start=\"1127\" data-end=\"1151\">\ud83c\udf38 Notas olfativas<\/h3>\n<div class=\"_tableContainer_1rjym_1\">\n<div class=\"group _tableWrapper_1rjym_13 flex w-fit flex-col-reverse\" tabindex=\"-1\">\n<table class=\"w-fit min-w-(--thread-content-width)\" data-start=\"1153\" data-end=\"1627\">\n<thead data-start=\"1153\" data-end=\"1192\">\n<tr data-start=\"1153\" data-end=\"1192\">\n<th data-start=\"1153\" data-end=\"1172\" data-col-size=\"sm\"><strong data-start=\"1155\" data-end=\"1171\">Tipo de nota<\/strong><\/th>\n<th data-start=\"1172\" data-end=\"1192\" data-col-size=\"lg\"><strong data-start=\"1174\" data-end=\"1190\">Ingredientes<\/strong><\/th>\n<\/tr>\n<\/thead>\n<tbody data-start=\"1233\" data-end=\"1627\">\n<tr data-start=\"1233\" data-end=\"1361\">\n<td data-start=\"1233\" data-end=\"1252\" data-col-size=\"sm\"><strong data-start=\"1235\" data-end=\"1245\">Salida<\/strong><\/td>\n<td data-start=\"1252\" data-end=\"1361\" data-col-size=\"lg\">Pomelo sangu\u00edneo (blood orange), toronja (grapefruit), menta (mint)<\/td>\n<\/tr>\n<tr data-start=\"1362\" data-end=\"1463\">\n<td data-start=\"1362\" data-end=\"1381\" data-col-size=\"sm\"><strong data-start=\"1364\" data-end=\"1375\">Coraz\u00f3n<\/strong><\/td>\n<td data-col-size=\"lg\" data-start=\"1381\" data-end=\"1463\">Canela (cinnamon), especias, rosa (rose)<\/td>\n<\/tr>\n<tr data-start=\"1464\" data-end=\"1627\">\n<td data-start=\"1464\" data-end=\"1483\" data-col-size=\"sm\"><strong data-start=\"1466\" data-end=\"1475\">Fondo<\/strong><\/td>\n<td data-col-size=\"lg\" data-start=\"1483\" data-end=\"1627\">Cuero (leather), \u00e1mbar (amber), maderas claras\/blancas (white woods, blond woods), pachul\u00ed (patchouli)<\/td>\n<\/tr>\n<\/tbody>\n<\/table>\n<\/div>\n<\/div>\n<h3 data-start=\"1629\" data-end=\"1646\">\u2728 Sensaci\u00f3n<\/h3>\n<p data-start=\"1647\" data-end=\"1961\">Potente, audaz y refinada. 1 Million abre con una chispa c\u00edtrica fresca que atrapa, evoluciona hacia un coraz\u00f3n c\u00e1lido y especiado, y se posa sobre una base intensa de cuero y madera que deja una huella duradera. Es un aroma que proyecta seguridad y sofisticaci\u00f3n, perfecto para momentos en que quieres sobresalir.<\/p>\n<h3 data-start=\"1882\" data-end=\"1908\"><strong data-start=\"1889\" data-end=\"1906\">P\u00fablico ideal<\/strong><\/h3>\n<p data-start=\"1909\" data-end=\"2105\">Perfume <strong data-start=\"1917\" data-end=\"1930\">masculino<\/strong>, perfecto para hombres con actitud, liderazgo y estilo. Ideal para la noche, eventos elegantes o cualquier ocasi\u00f3n en la que quieras proyectar poder, \u00e9xito y sofisticaci\u00f3n.<\/p>\n<h3 data-start=\"2112\" data-end=\"2137\"><strong data-start=\"2119\" data-end=\"2135\">Presentaci\u00f3n<\/strong><\/h3>\n<p data-start=\"2138\" data-end=\"2343\">Botella de <strong data-start=\"2149\" data-end=\"2159\">100 ml<\/strong> (tambi\u00e9n disponible en 50 ml y 200 ml), con el ic\u00f3nico dise\u00f1o en forma de <strong data-start=\"2234\" data-end=\"2250\">barra de oro<\/strong> que refleja lujo y exclusividad. Su presentaci\u00f3n es un s\u00edmbolo de distinci\u00f3n y magnetismo.<\/p>\n<h3 data-start=\"2350\" data-end=\"2388\"><strong data-start=\"2358\" data-end=\"2386\">Duraci\u00f3n y concentraci\u00f3n<\/strong><\/h3>\n<p data-start=\"2389\" data-end=\"2596\"><strong data-start=\"2389\" data-end=\"2414\">Eau de Toilette (EDT)<\/strong> \u2014 Alta duraci\u00f3n (8\u201310 horas promedio).<br data-start=\"2453\" data-end=\"2456\" \/>Su fijaci\u00f3n es potente y su proyecci\u00f3n notable, ideal para quienes buscan un perfume que destaque sin necesidad de reaplicaci\u00f3n constante.<\/p>\n","protected":false},"excerpt":{"rendered":"<p data-start=\"691\" data-end=\"953\">Un perfume masculino que destila lujo, poder y carisma. <strong data-start=\"747\" data-end=\"768\">Rabanne 1 Million<\/strong> combina notas frescas y especiadas con un toque de cuero y \u00e1mbar, creando una <strong data-start=\"847\" data-end=\"881\">fragancia elegante y seductora<\/strong>. Ideal para hombres seguros que buscan <strong data-start=\"921\" data-end=\"950\">dejar huella con su aroma<\/strong>.<\/p>\n","protected":false},"featured_media":275,"comment_status":"open","ping_status":"closed","template":"","meta":{"site-sidebar-layout":"default","site-content-layout":"","ast-site-content-layout":"default","site-content-style":"default","site-sidebar-style":"default","ast-global-header-display":"","ast-banner-title-visibility":"","ast-main-header-display":"","ast-hfb-above-header-display":"","ast-hfb-below-header-display":"","ast-hfb-mobile-header-display":"","site-post-title":"","ast-breadcrumbs-content":"","ast-featured-img":"","footer-sml-layout":"","ast-disable-related-posts":"","theme-transparent-header-meta":"default","adv-header-id-meta":"","stick-header-meta":"","header-above-stick-meta":"","header-main-stick-meta":"","header-below-stick-meta":"","astra-migrate-meta-layouts":"set","ast-page-background-enabled":"default","ast-page-background-meta":{"desktop":{"background-color":"var(--ast-global-color-5)","background-image":"","background-repeat":"repeat","background-position":"center center","background-size":"auto","background-attachment":"scroll","background-type":"","background-media":"","overlay-type":"","overlay-color":"","overlay-opacity":"","overlay-gradient":""},"tablet":{"background-color":"","background-image":"","background-repeat":"repeat","background-position":"center center","background-size":"auto","background-attachment":"scroll","background-type":"","background-media":"","overlay-type":"","overlay-color":"","overlay-opacity":"","overlay-gradient":""},"mobile":{"background-color":"","background-image":"","background-repeat":"repeat","background-position":"center center","background-size":"auto","background-attachment":"scroll","background-type":"","background-media":"","overlay-type":"","overlay-color":"","overlay-opacity":"","overlay-gradient":""}},"ast-content-background-meta":{"desktop":{"background-color":"var(--ast-global-color-4)","background-image":"","background-repeat":"repeat","background-position":"center center","background-size":"auto","background-attachment":"scroll","background-type":"","background-media":"","overlay-type":"","overlay-color":"","overlay-opacity":"","overlay-gradient":""},"tablet":{"background-color":"var(--ast-global-color-4)","background-image":"","background-repeat":"repeat","background-position":"center center","background-size":"auto","background-attachment":"scroll","background-type":"","background-media":"","overlay-type":"","overlay-color":"","overlay-opacity":"","overlay-gradient":""},"mobile":{"background-color":"var(--ast-global-color-4)","background-image":"","background-repeat":"repeat","background-position":"center center","background-size":"auto","background-attachment":"scroll","background-type":"","background-media":"","overlay-type":"","overlay-color":"","overlay-opacity":"","overlay-gradient":""}}},"product_brand":[58],"product_cat":[18,33],"product_tag":[24,20,22,61,62,59,64,65,63,60],"class_list":{"0":"post-274","1":"product","2":"type-product","3":"status-publish","4":"has-post-thumbnail","6":"product_brand-paco-rabanne","7":"product_cat-perfumes","8":"product_cat-perfumes-hombre","9":"product_tag-aroma-sofisticado","10":"product_tag-fragancia-elegante","11":"product_tag-luzvic-boutique","12":"product_tag-perfume-amaderado-especiado","13":"product_tag-perfume-de-cuero","14":"product_tag-perfume-masculino","15":"product_tag-perfume-para-regalo","16":"product_tag-perfume-premium","17":"product_tag-perfume-rabanne","18":"product_tag-perfumes-de-lujo","19":"desktop-align-left","20":"tablet-align-left","21":"mobile-align-left","23":"first","24":"instock","25":"taxable","26":"shipping-taxable","27":"purchasable","28":"product-type-simple"},"_links":{"self":[{"href":"https:\/\/luzvicboutique.com\/index.php?rest_route=\/wp\/v2\/product\/274","targetHints":{"allow":["GET"]}}],"collection":[{"href":"https:\/\/luzvicboutique.com\/index.php?rest_route=\/wp\/v2\/product"}],"about":[{"href":"https:\/\/luzvicboutique.com\/index.php?rest_route=\/wp\/v2\/types\/product"}],"replies":[{"embeddable":true,"href":"https:\/\/luzvicboutique.com\/index.php?rest_route=%2Fwp%2Fv2%2Fcomments&post=274"}],"wp:featuredmedia":[{"embeddable":true,"href":"https:\/\/luzvicboutique.com\/index.php?rest_route=\/wp\/v2\/media\/275"}],"wp:attachment":[{"href":"https:\/\/luzvicboutique.com\/index.php?rest_route=%2Fwp%2Fv2%2Fmedia&parent=274"}],"wp:term":[{"taxonomy":"product_brand","embeddable":true,"href":"https:\/\/luzvicboutique.com\/index.php?rest_route=%2Fwp%2Fv2%2Fproduct_brand&post=274"},{"taxonomy":"product_cat","embeddable":true,"href":"https:\/\/luzvicboutique.com\/index.php?rest_route=%2Fwp%2Fv2%2Fproduct_cat&post=274"},{"taxonomy":"product_tag","embeddable":true,"href":"https:\/\/luzvicboutique.com\/index.php?rest_route=%2Fwp%2Fv2%2Fproduct_tag&post=274"}],"curies":[{"name":"wp","href":"https:\/\/api.w.org\/{rel}","templated":true}]}}